{"id":13,"date":"2019-02-26T11:17:13","date_gmt":"2019-02-26T10:17:13","guid":{"rendered":"https:\/\/www.udrzitelnypalmovyolej.cz\/?page_id=13"},"modified":"2023-04-26T10:24:32","modified_gmt":"2023-04-26T08:24:32","slug":"uvodni","status":"publish","type":"page","link":"https:\/\/www.udrzitelnypalmovyolej.cz\/","title":{"rendered":"uvodni"},"content":{"rendered":"<p>[et_pb_section fb_built=&#8220;1&#8243; fullwidth=&#8220;on&#8220; _builder_version=&#8220;4.16&#8243; custom_padding=&#8220;0|0px|10px|0px|false|false&#8220; animation_style=&#8220;fade&#8220; global_colors_info=&#8220;{}&#8220;][et_pb_fullwidth_slider _builder_version=&#8220;4.16&#8243; global_colors_info=&#8220;{}&#8220;][et_pb_slide heading=&#8220;Udr\u017eiteln\u00fd palmov\u00fd olej s respektem k \u017eivotn\u00edmu prost\u0159ed\u00ed a m\u00edstn\u00edmu obyvatelstvu&#8220; button_text=&#8220;V\u00edce informac\u00ed&#8220; button_link=&#8220;http:\/\/www.udrzitelnypalmovyolej.cz\/?page_id=129&#8243; use_bg_overlay=&#8220;on&#8220; use_text_overlay=&#8220;off&#8220; _builder_version=&#8220;4.16&#8243; header_font=&#8220;|800|||||||&#8220; background_image=&#8220;https:\/\/www.udrzitelnypalmovyolej.cz\/wp-content\/uploads\/2019\/02\/olej-header-1.jpg&#8220; custom_button=&#8220;on&#8220; button_bg_color=&#8220;rgba(237,240,0,0.52)&#8220; button_border_radius=&#8220;7px&#8220; button_font=&#8220;|700|||||||&#8220; button_use_icon=&#8220;off&#8220; button_alignment=&#8220;center&#8220; header_text_shadow_style=&#8220;preset2&#8243; button_text_shadow_style=&#8220;preset2&#8243; box_shadow_style_button=&#8220;preset2&#8243; global_colors_info=&#8220;{}&#8220; sticky_transition=&#8220;on&#8220;][\/et_pb_slide][\/et_pb_fullwidth_slider][\/et_pb_section][et_pb_section fb_built=&#8220;1&#8243; _builder_version=&#8220;4.16&#8243; global_colors_info=&#8220;{}&#8220;][et_pb_row use_custom_gutter=&#8220;on&#8220; gutter_width=&#8220;4&#8243; make_equal=&#8220;on&#8220; _builder_version=&#8220;4.16&#8243; global_colors_info=&#8220;{}&#8220; column_structure=&#8220;1_4,1_4,1_4,1_4&#8243;][et_pb_column type=&#8220;1_4&#8243; _builder_version=&#8220;4.16&#8243; custom_padding=&#8220;|||&#8220; global_colors_info=&#8220;{}&#8220; custom_padding__hover=&#8220;|||&#8220;][et_pb_circle_counter title=&#8220;sv\u011btov\u00e9 produkce rostlinn\u00fdch olej\u016f p\u0159edstavuje palmov\u00fd olej a palmoj\u00e1drov\u00fd tuk&#8220; number=&#8220;38&#8243; _builder_version=&#8220;4.16&#8243; global_colors_info=&#8220;{}&#8220;][\/et_pb_circle_counter][\/et_pb_column][et_pb_column type=&#8220;1_4&#8243; _builder_version=&#8220;4.16&#8243; custom_padding=&#8220;|||&#8220; global_colors_info=&#8220;{}&#8220; custom_padding__hover=&#8220;|||&#8220;][et_pb_circle_counter title=&#8220;celosv\u011btov\u011b pou\u017e\u00edvan\u00e9ho palmov\u00e9ho oleje produkuje Indon\u00e9sie a Malajsie&#8220; number=&#8220;80&#8243; _builder_version=&#8220;4.16&#8243; global_colors_info=&#8220;{}&#8220;][\/et_pb_circle_counter][\/et_pb_column][et_pb_column type=&#8220;1_4&#8243; _builder_version=&#8220;4.16&#8243; custom_padding=&#8220;|||&#8220; global_colors_info=&#8220;{}&#8220; custom_padding__hover=&#8220;|||&#8220;][et_pb_circle_counter title=&#8220;lidem poskytuje v Malajsii a Indon\u00e9sii palmov\u00fd olej \u017eivobyt\u00ed&#8220; number=&#8220;4500000&#8243; percent_sign=&#8220;off&#8220; _builder_version=&#8220;4.16&#8243; global_colors_info=&#8220;{}&#8220;][\/et_pb_circle_counter][\/et_pb_column][et_pb_column type=&#8220;1_4&#8243; _builder_version=&#8220;4.16&#8243; custom_padding=&#8220;|||&#8220; global_colors_info=&#8220;{}&#8220; custom_padding__hover=&#8220;|||&#8220;][et_pb_circle_counter title=&#8220;oleje obsahuj\u00ed plody palmy olejn\u00e9&#8220; number=&#8220;35&#8243; _builder_version=&#8220;4.16&#8243; global_colors_info=&#8220;{}&#8220;][\/et_pb_circle_counter][\/et_pb_column][\/et_pb_row][et_pb_row _builder_version=&#8220;4.18.0&#8243; _module_preset=&#8220;default&#8220;][et_pb_column _builder_version=&#8220;4.18.0&#8243; _module_preset=&#8220;default&#8220; type=&#8220;4_4&#8243;][et_pb_text _builder_version=&#8220;4.18.0&#8243; _module_preset=&#8220;default&#8220; hover_enabled=&#8220;0&#8243; sticky_enabled=&#8220;0&#8243; min_height=&#8220;36px&#8220; custom_padding=&#8220;||0px|||&#8220; custom_margin=&#8220;7px||115px|||&#8220;]<\/p>\n<p style=\"text-align: center;\"><strong>V\u00edce informac\u00ed v angli\u010dtin\u011b i na webu<\/strong><\/p>\n<p>[\/et_pb_text][et_pb_image src=&#8220;https:\/\/www.udrzitelnypalmovyolej.cz\/wp-content\/uploads\/2023\/04\/spoc-2.jpg&#8220; _builder_version=&#8220;4.18.0&#8243; _module_preset=&#8220;default&#8220; title_text=&#8220;spoc-2&#8243; hover_enabled=&#8220;0&#8243; sticky_enabled=&#8220;0&#8243; width=&#8220;35%&#8220; module_alignment=&#8220;center&#8220; min_height=&#8220;112px&#8220; custom_margin=&#8220;-120px|||||&#8220; url=&#8220;https:\/\/www.sustainablepalmoilchoice.eu\/&#8220;][\/et_pb_image][\/et_pb_column][\/et_pb_row][\/et_pb_section]<\/p>\n","protected":false},"excerpt":{"rendered":"<p>udr\u017eiteln\u00fd palmov\u00fd olej<\/p>\n","protected":false},"author":1,"featured_media":0,"parent":0,"menu_order":0,"comment_status":"closed","ping_status":"closed","template":"","meta":{"_et_pb_use_builder":"on","_et_pb_old_content":"","_et_gb_content_width":"","ngg_post_thumbnail":0,"footnotes":""},"aioseo_notices":[],"_links":{"self":[{"href":"https:\/\/www.udrzitelnypalmovyolej.cz\/index.php?rest_route=\/wp\/v2\/pages\/13"}],"collection":[{"href":"https:\/\/www.udrzitelnypalmovyolej.cz\/index.php?rest_route=\/wp\/v2\/pages"}],"about":[{"href":"https:\/\/www.udrzitelnypalmovyolej.cz\/index.php?rest_route=\/wp\/v2\/types\/page"}],"author":[{"embeddable":true,"href":"https:\/\/www.udrzitelnypalmovyolej.cz\/index.php?rest_route=\/wp\/v2\/users\/1"}],"replies":[{"embeddable":true,"href":"https:\/\/www.udrzitelnypalmovyolej.cz\/index.php?rest_route=%2Fwp%2Fv2%2Fcomments&post=13"}],"version-history":[{"count":15,"href":"https:\/\/www.udrzitelnypalmovyolej.cz\/index.php?rest_route=\/wp\/v2\/pages\/13\/revisions"}],"predecessor-version":[{"id":1025,"href":"https:\/\/www.udrzitelnypalmovyolej.cz\/index.php?rest_route=\/wp\/v2\/pages\/13\/revisions\/1025"}],"wp:attachment":[{"href":"https:\/\/www.udrzitelnypalmovyolej.cz\/index.php?rest_route=%2Fwp%2Fv2%2Fmedia&parent=13"}],"curies":[{"name":"wp","href":"https:\/\/api.w.org\/{rel}","templated":true}]}}