{"id":252,"date":"2019-05-28T17:09:16","date_gmt":"2019-05-28T15:09:16","guid":{"rendered":"https:\/\/www.udrzitelnypalmovyolej.cz\/?page_id=252"},"modified":"2019-05-28T17:25:25","modified_gmt":"2019-05-28T15:25:25","slug":"navstivte-plantaz-palmy-olejne-ve-virtualni-realite","status":"publish","type":"page","link":"https:\/\/www.udrzitelnypalmovyolej.cz\/?page_id=252","title":{"rendered":"Nav\u0161tivte plant\u00e1\u017e palmy olejn\u00e9 ve virtu\u00e1ln\u00ed realit\u011b"},"content":{"rendered":"<p>[et_pb_section fb_built=&#8220;1&#8243; _builder_version=&#8220;3.19.17&#8243;][et_pb_row _builder_version=&#8220;3.19.17&#8243;][et_pb_column type=&#8220;1_2&#8243; _builder_version=&#8220;3.19.17&#8243;][et_pb_text _builder_version=&#8220;3.19.17&#8243;]<\/p>\n<h4><strong>Nav\u0161tivte plant\u00e1\u017e palmy olejn\u00e9 ve virtu\u00e1ln\u00ed realit\u011b<\/strong><\/h4>\n<p>V\u00edtejte na farm\u011b Titi Bonsilona, vedouc\u00edho skupiny drobn\u00fdch farm\u00e1\u0159\u016f certifikovan\u00fdch spole\u010dnost\u00ed RSPO ve sv\u00e9 obci. Titi Bonsilon obhospoda\u0159uje 5,3 hektar\u016f p\u016fdy, ve sv\u00e9 praxi vyu\u017e\u00edv\u00e1 \u0159adu technik \u0161etrn\u00fdch k \u017eivotn\u00edmu prost\u0159ed\u00ed zlep\u0161uj\u00edc\u00edch ekonomiku v\u00fdrobn\u00edho procesu. Od sv\u00e9ho z\u00edsk\u00e1n\u00ed certifik\u00e1t\u016f se jeho n\u00e1klady a pou\u017e\u00edv\u00e1n\u00ed chemick\u00fdch l\u00e1tek v\u00fdrazn\u011b sn\u00ed\u017eily, jeho v\u00fdnos se zv\u00fd\u0161il o 5 % a jeho p\u0159\u00edjem o 20 %.<\/p>\n<p>P\u0159\u00edmo hospoda\u0159\u00edc\u00ed zem\u011bd\u011blec je ten nejpovolan\u011bj\u0161\u00ed pr\u016fvodce plant\u00e1\u017e\u00ed palmy olejn\u00e9. Proch\u00e1zka plant\u00e1\u017e\u00ed ukazuje, jak se skl\u00edz\u00ed plody palmy olejn\u00e9, jak lze palmu olejnou p\u011bstovat udr\u017eiteln\u00fdm zp\u016fsobem p\u0159i zapracov\u00e1n\u00ed integrovan\u00e9 ochrany proti \u0161k\u016fdc\u016fm a dal\u0161\u00edch postup\u016f spr\u00e1vn\u00e9 zem\u011bd\u011blsk\u00e9 praxe. Plody palmy olejn\u00e9 se mohou skl\u00edzet ka\u017ed\u00fdch 14 dn\u00ed, proto je palma olejn\u00e9 nejv\u00fdkonn\u011bj\u0161\u00ed olejninou z hlediska vyu\u017eit\u00ed p\u016fdy.<\/p>\n<p>[\/et_pb_text][\/et_pb_column][et_pb_column type=&#8220;1_2&#8243; _builder_version=&#8220;3.19.17&#8243;][et_pb_video src=&#8220;https:\/\/youtu.be\/dtD6f9_ddjE&#8220; _builder_version=&#8220;3.19.17&#8243;][\/et_pb_video][\/et_pb_column][\/et_pb_row][et_pb_row _builder_version=&#8220;3.19.17&#8243;][et_pb_column type=&#8220;4_4&#8243; _builder_version=&#8220;3.19.17&#8243;][et_pb_text _builder_version=&#8220;3.19.17&#8243;]<\/p>\n<p><strong>Jak lze video p\u0159ehr\u00e1t?<\/strong><\/p>\n<p><em><strong>Po\u010d\u00edta\u010d<\/strong><\/em><\/p>\n<p>K p\u0159ehr\u00e1n\u00ed 360\u00b0 videa je nutno m\u00edt instalov\u00e1n prohl\u00ed\u017ee\u010d, kter\u00fd tento form\u00e1t podporuje jako je Google Chrome, Firefox, Internet Explorer (aktu\u00e1ln\u00ed verze). Pohled lze nat\u00e1\u010det do r\u016fzn\u00fdch sm\u011br\u016f pou\u017e\u00edv\u00e1n\u00edm \u0161ipek lev\u00e9m horn\u00edm rohu obrazovky.<\/p>\n<p><em><strong>Chytr\u00fd telefon<\/strong><\/em><\/p>\n<p>Ke sledov\u00e1n\u00ed je nutno video otev\u0159\u00edt v aplikaci YouTube (aktu\u00e1ln\u00ed verze). Nat\u00e1\u010den\u00edm obrazovky prstem do r\u016fzn\u00fdch sm\u011br\u016f vstoup\u00edte do virtu\u00e1ln\u00ed reality.<\/p>\n<p><em><strong>Br\u00fdle virtu\u00e1ln\u00ed reality \/ Google Cardboard<\/strong><\/em><\/p>\n<p>V aplikaci YouTube (aktu\u00e1ln\u00ed verze) si nastavte mo\u017enost pracovat s virtu\u00e1ln\u00ed realitou, pokud to je\u0161t\u011b nem\u00e1te. Otev\u0159ete video a klikn\u011bte na ikonu VR-br\u00fdle v prav\u00e9m doln\u00edm rohu obrazovky. Um\u00edst\u011bte sv\u016fj chytr\u00fd telefon do br\u00fdl\u00ed virtu\u00e1ln\u00ed reality a vychutnejte si z\u00e1\u017eitek z n\u00e1v\u0161t\u011bvy plant\u00e1\u017ee palmy olejn\u00e9.<\/p>\n<p>Video najdete tak\u00e9 v obchod\u011b Play\/App pod &#8222;VR Palm Oil&#8220;.<\/p>\n<p>[\/et_pb_text][\/et_pb_column][\/et_pb_row][\/et_pb_section]<\/p>\n","protected":false},"excerpt":{"rendered":"<p>Nav\u0161tivte plant\u00e1\u017e palmy olejn\u00e9 ve virtu\u00e1ln\u00ed realit\u011b V\u00edtejte na farm\u011b Titi Bonsilona, vedouc\u00edho skupiny drobn\u00fdch farm\u00e1\u0159\u016f certifikovan\u00fdch spole\u010dnost\u00ed RSPO ve sv\u00e9 obci. Titi Bonsilon obhospoda\u0159uje 5,3 hektar\u016f p\u016fdy, ve sv\u00e9 praxi vyu\u017e\u00edv\u00e1 \u0159adu technik \u0161etrn\u00fdch k \u017eivotn\u00edmu prost\u0159ed\u00ed zlep\u0161uj\u00edc\u00edch ekonomiku v\u00fdrobn\u00edho procesu. Od sv\u00e9ho z\u00edsk\u00e1n\u00ed certifik\u00e1t\u016f se jeho n\u00e1klady a pou\u017e\u00edv\u00e1n\u00ed chemick\u00fdch l\u00e1tek v\u00fdrazn\u011b sn\u00ed\u017eily, [&hellip;]<\/p>\n","protected":false},"author":1,"featured_media":0,"parent":0,"menu_order":0,"comment_status":"closed","ping_status":"closed","template":"","meta":{"_et_pb_use_builder":"on","_et_pb_old_content":"","_et_gb_content_width":"","ngg_post_thumbnail":0,"footnotes":""},"aioseo_notices":[],"_links":{"self":[{"href":"https:\/\/www.udrzitelnypalmovyolej.cz\/index.php?rest_route=\/wp\/v2\/pages\/252"}],"collection":[{"href":"https:\/\/www.udrzitelnypalmovyolej.cz\/index.php?rest_route=\/wp\/v2\/pages"}],"about":[{"href":"https:\/\/www.udrzitelnypalmovyolej.cz\/index.php?rest_route=\/wp\/v2\/types\/page"}],"author":[{"embeddable":true,"href":"https:\/\/www.udrzitelnypalmovyolej.cz\/index.php?rest_route=\/wp\/v2\/users\/1"}],"replies":[{"embeddable":true,"href":"https:\/\/www.udrzitelnypalmovyolej.cz\/index.php?rest_route=%2Fwp%2Fv2%2Fcomments&post=252"}],"version-history":[{"count":4,"href":"https:\/\/www.udrzitelnypalmovyolej.cz\/index.php?rest_route=\/wp\/v2\/pages\/252\/revisions"}],"predecessor-version":[{"id":265,"href":"https:\/\/www.udrzitelnypalmovyolej.cz\/index.php?rest_route=\/wp\/v2\/pages\/252\/revisions\/265"}],"wp:attachment":[{"href":"https:\/\/www.udrzitelnypalmovyolej.cz\/index.php?rest_route=%2Fwp%2Fv2%2Fmedia&parent=252"}],"curies":[{"name":"wp","href":"https:\/\/api.w.org\/{rel}","templated":true}]}}