{"id":26,"date":"2019-02-26T11:22:50","date_gmt":"2019-02-26T10:22:50","guid":{"rendered":"https:\/\/www.udrzitelnypalmovyolej.cz\/?page_id=26"},"modified":"2021-01-04T12:39:00","modified_gmt":"2021-01-04T11:39:00","slug":"videa","status":"publish","type":"page","link":"https:\/\/www.udrzitelnypalmovyolej.cz\/?page_id=26","title":{"rendered":"Videa"},"content":{"rendered":"<p>[et_pb_section fb_built=&#8220;1&#8243; _builder_version=&#8220;3.20.2&#8243;][et_pb_row _builder_version=&#8220;3.20.2&#8243;][et_pb_column type=&#8220;1_3&#8243; _builder_version=&#8220;3.20.2&#8243;][et_pb_image src=&#8220;https:\/\/www.udrzitelnypalmovyolej.cz\/wp-content\/uploads\/2019\/05\/plantaz-VR.jpg&#8220; url=&#8220;https:\/\/www.udrzitelnypalmovyolej.cz\/?page_id=252&#038;et_fb=1&#038;PageSpeed=off&#8220; _builder_version=&#8220;3.20.2&#8243;][\/et_pb_image][et_pb_text _builder_version=&#8220;3.20.2&#8243;]<\/p>\n<h3 style=\"text-align: center;\">Plant\u00e1\u017e palmy olejn\u00e9 VR<\/h3>\n<p>[\/et_pb_text][et_pb_video src=&#8220;https:\/\/www.udrzitelnypalmovyolej.cz\/wp-content\/uploads\/2019\/08\/EPOA3-frakcionacetit.mp4&#8243; _builder_version=&#8220;3.20.2&#8243;][\/et_pb_video][et_pb_text _builder_version=&#8220;3.20.2&#8243;]<\/p>\n<h3>Co je frakcionace?<\/h3>\n<p>[\/et_pb_text][\/et_pb_column][et_pb_column type=&#8220;1_3&#8243; _builder_version=&#8220;3.20.2&#8243;][et_pb_video src=&#8220;https:\/\/www.youtube.com\/watch?v=CqxWh6-l7PU&#8220; _builder_version=&#8220;3.20.2&#8243;][\/et_pb_video][et_pb_text _builder_version=&#8220;3.20.2&#8243;]<\/p>\n<h3 style=\"text-align: center;\">Co se d\u011bje v lisovn\u011b?<\/h3>\n<p>[\/et_pb_text][et_pb_video _builder_version=&#8220;3.20.2&#8243; src=&#8220;https:\/\/www.udrzitelnypalmovyolej.cz\/wp-content\/uploads\/2021\/01\/Choose-Sustainable-Palm-Oil-CZ4-Subs.mp4&#8243; image_src=&#8220;https:\/\/www.udrzitelnypalmovyolej.cz\/wp-content\/uploads\/2019\/11\/spoc.jpg&#8220; play_icon_color=&#8220;#7cda24&#8243;][\/et_pb_video][et_pb_text _builder_version=&#8220;3.20.2&#8243;]<\/p>\n<p>Palmov\u00fd olej a odles\u0148ov\u00e1n\u00ed<\/p>\n<p>[\/et_pb_text][\/et_pb_column][et_pb_column type=&#8220;1_3&#8243; _builder_version=&#8220;3.20.2&#8243;][et_pb_video src=&#8220;https:\/\/www.udrzitelnypalmovyolej.cz\/wp-content\/uploads\/2019\/08\/EPOA2Raftit2.mp4&#8243; _builder_version=&#8220;3.20.2&#8243;][\/et_pb_video][et_pb_text _builder_version=&#8220;3.20.2&#8243;]<\/p>\n<h3 style=\"text-align: center;\">Co se d\u011bje v rafinerii?<\/h3>\n<p>[\/et_pb_text][et_pb_video _builder_version=&#8220;3.20.2&#8243; src=&#8220;https:\/\/www.udrzitelnypalmovyolej.cz\/wp-content\/uploads\/2021\/01\/Movement-For-Sustainable-Palm-Oil-CZ-Subs.mp4&#8243; image_src=&#8220;https:\/\/www.udrzitelnypalmovyolej.cz\/wp-content\/uploads\/2019\/11\/spoc.jpg&#8220; play_icon_color=&#8220;#7cda24&#8243;][\/et_pb_video][et_pb_text _builder_version=&#8220;3.20.2&#8243;]<\/p>\n<p>Certifikovan\u00fd palmov\u00fd olej<\/p>\n<p>[\/et_pb_text][\/et_pb_column][\/et_pb_row][\/et_pb_section]<\/p>\n","protected":false},"excerpt":{"rendered":"<p>Plant\u00e1\u017e palmy olejn\u00e9 VRCo je frakcionace?Co se d\u011bje v lisovn\u011b?Palmov\u00fd olej a odles\u0148ov\u00e1n\u00ed Co se d\u011bje v rafinerii?Certifikovan\u00fd palmov\u00fd olej<\/p>\n","protected":false},"author":1,"featured_media":0,"parent":0,"menu_order":0,"comment_status":"closed","ping_status":"closed","template":"","meta":{"_et_pb_use_builder":"on","_et_pb_old_content":"","_et_gb_content_width":"","ngg_post_thumbnail":0,"footnotes":""},"aioseo_notices":[],"_links":{"self":[{"href":"https:\/\/www.udrzitelnypalmovyolej.cz\/index.php?rest_route=\/wp\/v2\/pages\/26"}],"collection":[{"href":"https:\/\/www.udrzitelnypalmovyolej.cz\/index.php?rest_route=\/wp\/v2\/pages"}],"about":[{"href":"https:\/\/www.udrzitelnypalmovyolej.cz\/index.php?rest_route=\/wp\/v2\/types\/page"}],"author":[{"embeddable":true,"href":"https:\/\/www.udrzitelnypalmovyolej.cz\/index.php?rest_route=\/wp\/v2\/users\/1"}],"replies":[{"embeddable":true,"href":"https:\/\/www.udrzitelnypalmovyolej.cz\/index.php?rest_route=%2Fwp%2Fv2%2Fcomments&post=26"}],"version-history":[{"count":28,"href":"https:\/\/www.udrzitelnypalmovyolej.cz\/index.php?rest_route=\/wp\/v2\/pages\/26\/revisions"}],"predecessor-version":[{"id":843,"href":"https:\/\/www.udrzitelnypalmovyolej.cz\/index.php?rest_route=\/wp\/v2\/pages\/26\/revisions\/843"}],"wp:attachment":[{"href":"https:\/\/www.udrzitelnypalmovyolej.cz\/index.php?rest_route=%2Fwp%2Fv2%2Fmedia&parent=26"}],"curies":[{"name":"wp","href":"https:\/\/api.w.org\/{rel}","templated":true}]}}