{"id":29,"date":"2019-02-26T11:24:13","date_gmt":"2019-02-26T10:24:13","guid":{"rendered":"https:\/\/www.udrzitelnypalmovyolej.cz\/?page_id=29"},"modified":"2020-06-12T10:45:57","modified_gmt":"2020-06-12T08:45:57","slug":"ke-stazeni","status":"publish","type":"page","link":"https:\/\/www.udrzitelnypalmovyolej.cz\/?page_id=29","title":{"rendered":"Ke sta\u017een\u00ed"},"content":{"rendered":"<p>[et_pb_section fb_built=&#8220;1&#8243; _builder_version=&#8220;3.19.17&#8243;][et_pb_row _builder_version=&#8220;3.19.17&#8243;][et_pb_column type=&#8220;4_4&#8243; _builder_version=&#8220;3.19.17&#8243;][et_pb_text _builder_version=&#8220;3.19.17&#8243;]<\/p>\n<p>1)<a href=\"https:\/\/www.udrzitelnypalmovyolej.cz\/wp-content\/uploads\/2019\/02\/infografikaPOsuperfinal.pdf\"> V\u0161e, co byste m\u011bli v\u011bd\u011bt o palmov\u00e9m oleji &#8211; infografika<\/a> &#8211; PDF (900 kB)<\/p>\n<p>2)\u00a0<a href=\"https:\/\/www.udrzitelnypalmovyolej.cz\/wp-content\/uploads\/2019\/02\/palmovy_olej.pdf\">V\u0161e, co byste m\u011bli v\u011bd\u011bt o palmov\u00e9m oleji &#8211; fakta a \u010d\u00edsla<\/a> &#8211; PDF (10 MB)<\/p>\n<p>3) <a href=\"https:\/\/www.udrzitelnypalmovyolej.cz\/wp-content\/uploads\/2020\/06\/382-je-palmovy-olej-hrozbou.pdf\">Je palmov\u00fd olej brozbou?<\/a> &#8211; PDF (2,6 MB)<\/p>\n<p>&nbsp;<\/p>\n<p>[\/et_pb_text][\/et_pb_column][\/et_pb_row][\/et_pb_section]<\/p>\n","protected":false},"excerpt":{"rendered":"<p>1) V\u0161e, co byste m\u011bli v\u011bd\u011bt o palmov\u00e9m oleji &#8211; infografika &#8211; PDF (900 kB) 2)\u00a0V\u0161e, co byste m\u011bli v\u011bd\u011bt o palmov\u00e9m oleji &#8211; fakta a \u010d\u00edsla &#8211; PDF (10 MB) 3) Je palmov\u00fd olej brozbou? &#8211; PDF (2,6 MB) &nbsp;<\/p>\n","protected":false},"author":1,"featured_media":0,"parent":0,"menu_order":0,"comment_status":"closed","ping_status":"closed","template":"","meta":{"_et_pb_use_builder":"on","_et_pb_old_content":"","_et_gb_content_width":"","ngg_post_thumbnail":0,"footnotes":""},"aioseo_notices":[],"_links":{"self":[{"href":"https:\/\/www.udrzitelnypalmovyolej.cz\/index.php?rest_route=\/wp\/v2\/pages\/29"}],"collection":[{"href":"https:\/\/www.udrzitelnypalmovyolej.cz\/index.php?rest_route=\/wp\/v2\/pages"}],"about":[{"href":"https:\/\/www.udrzitelnypalmovyolej.cz\/index.php?rest_route=\/wp\/v2\/types\/page"}],"author":[{"embeddable":true,"href":"https:\/\/www.udrzitelnypalmovyolej.cz\/index.php?rest_route=\/wp\/v2\/users\/1"}],"replies":[{"embeddable":true,"href":"https:\/\/www.udrzitelnypalmovyolej.cz\/index.php?rest_route=%2Fwp%2Fv2%2Fcomments&post=29"}],"version-history":[{"count":6,"href":"https:\/\/www.udrzitelnypalmovyolej.cz\/index.php?rest_route=\/wp\/v2\/pages\/29\/revisions"}],"predecessor-version":[{"id":553,"href":"https:\/\/www.udrzitelnypalmovyolej.cz\/index.php?rest_route=\/wp\/v2\/pages\/29\/revisions\/553"}],"wp:attachment":[{"href":"https:\/\/www.udrzitelnypalmovyolej.cz\/index.php?rest_route=%2Fwp%2Fv2%2Fmedia&parent=29"}],"curies":[{"name":"wp","href":"https:\/\/api.w.org\/{rel}","templated":true}]}}